{"id":1048,"date":"2020-01-20T00:57:52","date_gmt":"2020-01-20T00:57:52","guid":{"rendered":"https:\/\/skole.vamtam.com\/?page_id=1048"},"modified":"2025-07-24T17:10:36","modified_gmt":"2025-07-24T17:10:36","slug":"daily-schedule","status":"publish","type":"page","link":"https:\/\/infantario-popular-sintra.com\/home\/daily-schedule\/","title":{"rendered":"Parceiros"},"content":{"rendered":"\t\t<div data-elementor-type=\"wp-page\" data-elementor-id=\"1048\" class=\"elementor elementor-1048\" data-elementor-post-type=\"page\">\n\t\t\t\t\t\t<section class=\"elementor-section elementor-top-section elementor-element elementor-element-be4501c elementor-section-boxed elementor-section-height-default elementor-section-height-default\" data-id=\"be4501c\" data-element_type=\"section\">\n\t\t\t\t\t\t<div class=\"elementor-container elementor-column-gap-default\">\n\t\t\t\t\t<div class=\"elementor-column elementor-col-50 elementor-top-column elementor-element elementor-element-5a88c62\" data-id=\"5a88c62\" data-element_type=\"column\">\n\t\t\t<div class=\"elementor-widget-wrap elementor-element-populated\">\n\t\t\t\t\t\t<div class=\"elementor-element elementor-element-75276b1c elementor-widget elementor-widget-text-editor\" data-id=\"75276b1c\" data-element_type=\"widget\" data-settings=\"{&quot;sticky_on&quot;:[&quot;desktop&quot;,&quot;tablet&quot;],&quot;sticky_parent&quot;:&quot;yes&quot;,&quot;sticky&quot;:&quot;top&quot;,&quot;sticky_offset&quot;:100,&quot;sticky_effects_offset&quot;:0,&quot;sticky_anchor_link_offset&quot;:0}\" data-widget_type=\"text-editor.default\">\n\t\t\t\t<div class=\"elementor-widget-container\">\n\t\t\t\t\t\t\t\t\t<p>Os nossos parceiros<\/p>\t\t\t\t\t\t\t\t<\/div>\n\t\t\t\t<\/div>\n\t\t\t\t\t<\/div>\n\t\t<\/div>\n\t\t\t\t<div class=\"elementor-column elementor-col-50 elementor-top-column elementor-element elementor-element-32e8e02\" data-id=\"32e8e02\" data-element_type=\"column\" data-settings=\"{&quot;background_background&quot;:&quot;classic&quot;}\">\n\t\t\t<div class=\"elementor-widget-wrap elementor-element-populated\">\n\t\t\t\t\t\t<div class=\"elementor-element elementor-element-6d5152c elementor-widget elementor-widget-text-editor\" data-id=\"6d5152c\" data-element_type=\"widget\" data-widget_type=\"text-editor.default\">\n\t\t\t\t<div class=\"elementor-widget-container\">\n\t\t\t\t\t\t\t\t\t<p><img decoding=\"async\" class=\"alignnone size-full wp-image-988537\" src=\"https:\/\/infantario-popular-sintra.com\/home\/wp-content\/uploads\/2024\/05\/ChildDiary_Logo_Header.webp\" alt=\"\" width=\"165\" height=\"50\" \/><\/p>\t\t\t\t\t\t\t\t<\/div>\n\t\t\t\t<\/div>\n\t\t\t\t<div class=\"elementor-element elementor-element-e6d5f83 elementor-widget elementor-widget-text-editor\" data-id=\"e6d5f83\" data-element_type=\"widget\" data-widget_type=\"text-editor.default\">\n\t\t\t\t<div class=\"elementor-widget-container\">\n\t\t\t\t\t\t\t\t\t<p><img decoding=\"async\" class=\"alignnone size-medium wp-image-988541\" src=\"https:\/\/infantario-popular-sintra.com\/home\/wp-content\/uploads\/2024\/05\/Primeira-Imagem_h-300x118.png\" alt=\"\" width=\"300\" height=\"118\" srcset=\"https:\/\/infantario-popular-sintra.com\/home\/wp-content\/uploads\/2024\/05\/Primeira-Imagem_h-300x118.png 300w, https:\/\/infantario-popular-sintra.com\/home\/wp-content\/uploads\/2024\/05\/Primeira-Imagem_h-1024x403.png 1024w, https:\/\/infantario-popular-sintra.com\/home\/wp-content\/uploads\/2024\/05\/Primeira-Imagem_h-768x302.png 768w, https:\/\/infantario-popular-sintra.com\/home\/wp-content\/uploads\/2024\/05\/Primeira-Imagem_h-1536x604.png 1536w, https:\/\/infantario-popular-sintra.com\/home\/wp-content\/uploads\/2024\/05\/Primeira-Imagem_h-2048x805.png 2048w\" sizes=\"(max-width: 300px) 100vw, 300px\" \/><\/p>\t\t\t\t\t\t\t\t<\/div>\n\t\t\t\t<\/div>\n\t\t\t\t<div class=\"elementor-element elementor-element-88487b9 elementor-widget elementor-widget-text-editor\" data-id=\"88487b9\" data-element_type=\"widget\" data-widget_type=\"text-editor.default\">\n\t\t\t\t<div class=\"elementor-widget-container\">\n\t\t\t\t\t\t\t\t\t<p><img decoding=\"async\" class=\"alignnone size-medium wp-image-988550\" src=\"https:\/\/infantario-popular-sintra.com\/home\/wp-content\/uploads\/2024\/05\/AE-Sintra-300x66.png\" alt=\"\" width=\"300\" height=\"66\" srcset=\"https:\/\/infantario-popular-sintra.com\/home\/wp-content\/uploads\/2024\/05\/AE-Sintra-300x66.png 300w, https:\/\/infantario-popular-sintra.com\/home\/wp-content\/uploads\/2024\/05\/AE-Sintra.png 432w\" sizes=\"(max-width: 300px) 100vw, 300px\" \/><\/p>\t\t\t\t\t\t\t\t<\/div>\n\t\t\t\t<\/div>\n\t\t\t\t<div class=\"elementor-element elementor-element-7096754 elementor-widget elementor-widget-text-editor\" data-id=\"7096754\" data-element_type=\"widget\" data-widget_type=\"text-editor.default\">\n\t\t\t\t<div class=\"elementor-widget-container\">\n\t\t\t\t\t\t\t\t\t<p><strong>Larissa Greco &#8211; Yoga<\/strong><\/p>\t\t\t\t\t\t\t\t<\/div>\n\t\t\t\t<\/div>\n\t\t\t\t<div class=\"elementor-element elementor-element-2114919 elementor-widget elementor-widget-text-editor\" data-id=\"2114919\" data-element_type=\"widget\" data-widget_type=\"text-editor.default\">\n\t\t\t\t<div class=\"elementor-widget-container\">\n\t\t\t\t\t\t\t\t\t<p><strong><img loading=\"lazy\" decoding=\"async\" class=\"alignnone size-full wp-image-988596\" src=\"https:\/\/infantario-popular-sintra.com\/home\/wp-content\/uploads\/2024\/05\/Judokinhas.jpg\" alt=\"\" width=\"200\" height=\"200\" srcset=\"https:\/\/infantario-popular-sintra.com\/home\/wp-content\/uploads\/2024\/05\/Judokinhas.jpg 200w, https:\/\/infantario-popular-sintra.com\/home\/wp-content\/uploads\/2024\/05\/Judokinhas-150x150.jpg 150w\" sizes=\"(max-width: 200px) 100vw, 200px\" \/><\/strong><\/p>\t\t\t\t\t\t\t\t<\/div>\n\t\t\t\t<\/div>\n\t\t\t\t<div class=\"elementor-element elementor-element-d3ada33 elementor-widget elementor-widget-text-editor\" data-id=\"d3ada33\" data-element_type=\"widget\" data-widget_type=\"text-editor.default\">\n\t\t\t\t<div class=\"elementor-widget-container\">\n\t\t\t\t\t\t\t\t\t<p><strong>Be-Grow &#8211; M\u00fasica<br \/><\/strong><\/p>\t\t\t\t\t\t\t\t<\/div>\n\t\t\t\t<\/div>\n\t\t\t\t<div class=\"elementor-element elementor-element-9d80740 elementor-widget elementor-widget-text-editor\" data-id=\"9d80740\" data-element_type=\"widget\" data-widget_type=\"text-editor.default\">\n\t\t\t\t<div class=\"elementor-widget-container\">\n\t\t\t\t\t\t\t\t\t<p><strong>Talho da Vila Velha<br \/><\/strong><\/p>\t\t\t\t\t\t\t\t<\/div>\n\t\t\t\t<\/div>\n\t\t\t\t<div class=\"elementor-element elementor-element-83916cd elementor-widget elementor-widget-text-editor\" data-id=\"83916cd\" data-element_type=\"widget\" data-widget_type=\"text-editor.default\">\n\t\t\t\t<div class=\"elementor-widget-container\">\n\t\t\t\t\t\t\t\t\t<p><strong><img loading=\"lazy\" decoding=\"async\" class=\"alignnone size-medium wp-image-988605\" src=\"https:\/\/infantario-popular-sintra.com\/home\/wp-content\/uploads\/2024\/05\/capagel_lda_cover-300x111.jpeg\" alt=\"\" width=\"300\" height=\"111\" srcset=\"https:\/\/infantario-popular-sintra.com\/home\/wp-content\/uploads\/2024\/05\/capagel_lda_cover-300x111.jpeg 300w, https:\/\/infantario-popular-sintra.com\/home\/wp-content\/uploads\/2024\/05\/capagel_lda_cover-768x284.jpeg 768w, https:\/\/infantario-popular-sintra.com\/home\/wp-content\/uploads\/2024\/05\/capagel_lda_cover.jpeg 851w\" sizes=\"(max-width: 300px) 100vw, 300px\" \/>\u00a0<\/strong><\/p>\t\t\t\t\t\t\t\t<\/div>\n\t\t\t\t<\/div>\n\t\t\t\t<div class=\"elementor-element elementor-element-5d95e54 elementor-widget elementor-widget-text-editor\" data-id=\"5d95e54\" data-element_type=\"widget\" data-widget_type=\"text-editor.default\">\n\t\t\t\t<div class=\"elementor-widget-container\">\n\t\t\t\t\t\t\t\t\t<p><strong>Um sexto de fruta<br \/><\/strong><\/p>\t\t\t\t\t\t\t\t<\/div>\n\t\t\t\t<\/div>\n\t\t\t\t<div class=\"elementor-element elementor-element-264e73a elementor-widget elementor-widget-text-editor\" data-id=\"264e73a\" data-element_type=\"widget\" data-widget_type=\"text-editor.default\">\n\t\t\t\t<div class=\"elementor-widget-container\">\n\t\t\t\t\t\t\t\t\t<p><strong><img loading=\"lazy\" decoding=\"async\" class=\"alignnone size-full wp-image-988610\" src=\"https:\/\/infantario-popular-sintra.com\/home\/wp-content\/uploads\/2024\/05\/logo-danone-190.png\" alt=\"\" width=\"190\" height=\"61\" \/><\/strong><\/p>\t\t\t\t\t\t\t\t<\/div>\n\t\t\t\t<\/div>\n\t\t\t\t<div class=\"elementor-element elementor-element-e060b7a elementor-widget elementor-widget-text-editor\" data-id=\"e060b7a\" data-element_type=\"widget\" data-widget_type=\"text-editor.default\">\n\t\t\t\t<div class=\"elementor-widget-container\">\n\t\t\t\t\t\t\t\t\t<p><strong><img loading=\"lazy\" decoding=\"async\" class=\"alignnone size-medium wp-image-988612\" src=\"https:\/\/infantario-popular-sintra.com\/home\/wp-content\/uploads\/2024\/05\/Castro-Pinto-300x56.png\" alt=\"\" width=\"300\" height=\"56\" srcset=\"https:\/\/infantario-popular-sintra.com\/home\/wp-content\/uploads\/2024\/05\/Castro-Pinto-300x56.png 300w, https:\/\/infantario-popular-sintra.com\/home\/wp-content\/uploads\/2024\/05\/Castro-Pinto.png 732w\" sizes=\"(max-width: 300px) 100vw, 300px\" \/><\/strong><\/p>\t\t\t\t\t\t\t\t<\/div>\n\t\t\t\t<\/div>\n\t\t\t\t<div class=\"elementor-element elementor-element-40a5213 elementor-widget elementor-widget-text-editor\" data-id=\"40a5213\" data-element_type=\"widget\" data-widget_type=\"text-editor.default\">\n\t\t\t\t<div class=\"elementor-widget-container\">\n\t\t\t\t\t\t\t\t\t<p><strong><img loading=\"lazy\" decoding=\"async\" class=\"alignnone size-full wp-image-988613\" src=\"https:\/\/infantario-popular-sintra.com\/home\/wp-content\/uploads\/2024\/05\/artisintra.png\" alt=\"\" width=\"145\" height=\"118\" \/><\/strong><\/p>\t\t\t\t\t\t\t\t<\/div>\n\t\t\t\t<\/div>\n\t\t\t\t<div class=\"elementor-element elementor-element-ffc6691 elementor-widget elementor-widget-text-editor\" data-id=\"ffc6691\" data-element_type=\"widget\" data-widget_type=\"text-editor.default\">\n\t\t\t\t<div class=\"elementor-widget-container\">\n\t\t\t\t\t\t\t\t\t<p><strong>H3D<br \/><\/strong><\/p>\t\t\t\t\t\t\t\t<\/div>\n\t\t\t\t<\/div>\n\t\t\t\t<div class=\"elementor-element elementor-element-57f85fc elementor-widget elementor-widget-text-editor\" data-id=\"57f85fc\" data-element_type=\"widget\" data-widget_type=\"text-editor.default\">\n\t\t\t\t<div class=\"elementor-widget-container\">\n\t\t\t\t\t\t\t\t\t<p>Marginalarm<\/p>\t\t\t\t\t\t\t\t<\/div>\n\t\t\t\t<\/div>\n\t\t\t\t<div class=\"elementor-element elementor-element-3f98ed5 elementor-widget elementor-widget-text-editor\" data-id=\"3f98ed5\" data-element_type=\"widget\" data-widget_type=\"text-editor.default\">\n\t\t\t\t<div class=\"elementor-widget-container\">\n\t\t\t\t\t\t\t\t\t<p><strong>Xecompex<br \/><\/strong><\/p>\t\t\t\t\t\t\t\t<\/div>\n\t\t\t\t<\/div>\n\t\t\t\t<div class=\"elementor-element elementor-element-4a16c09 elementor-widget elementor-widget-text-editor\" data-id=\"4a16c09\" data-element_type=\"widget\" data-widget_type=\"text-editor.default\">\n\t\t\t\t<div class=\"elementor-widget-container\">\n\t\t\t\t\t\t\t\t\t<p><strong><img loading=\"lazy\" decoding=\"async\" class=\"alignnone size-full wp-image-988621\" src=\"https:\/\/infantario-popular-sintra.com\/home\/wp-content\/uploads\/2024\/05\/ticket-infancia-digital-home.jpg\" alt=\"\" width=\"110\" height=\"39\" \/><\/strong><\/p>\t\t\t\t\t\t\t\t<\/div>\n\t\t\t\t<\/div>\n\t\t\t\t<div class=\"elementor-element elementor-element-4f11335 elementor-widget elementor-widget-text-editor\" data-id=\"4f11335\" data-element_type=\"widget\" data-widget_type=\"text-editor.default\">\n\t\t\t\t<div class=\"elementor-widget-container\">\n\t\t\t\t\t\t\t\t\t<p><strong><img loading=\"lazy\" decoding=\"async\" class=\"alignnone size-full wp-image-988622\" src=\"https:\/\/infantario-popular-sintra.com\/home\/wp-content\/uploads\/2024\/05\/logo-edenred.png\" alt=\"\" width=\"176\" height=\"109\" \/><\/strong><\/p>\t\t\t\t\t\t\t\t<\/div>\n\t\t\t\t<\/div>\n\t\t\t\t<div class=\"elementor-element elementor-element-c686c4c elementor-widget elementor-widget-text-editor\" data-id=\"c686c4c\" data-element_type=\"widget\" data-widget_type=\"text-editor.default\">\n\t\t\t\t<div class=\"elementor-widget-container\">\n\t\t\t\t\t\t\t\t\t<p><strong><img loading=\"lazy\" decoding=\"async\" class=\"alignnone size-full wp-image-988624\" src=\"https:\/\/infantario-popular-sintra.com\/home\/wp-content\/uploads\/2024\/05\/up_logo.jpg\" alt=\"\" width=\"300\" height=\"300\" srcset=\"https:\/\/infantario-popular-sintra.com\/home\/wp-content\/uploads\/2024\/05\/up_logo.jpg 300w, https:\/\/infantario-popular-sintra.com\/home\/wp-content\/uploads\/2024\/05\/up_logo-150x150.jpg 150w\" sizes=\"(max-width: 300px) 100vw, 300px\" \/><\/strong><\/p>\t\t\t\t\t\t\t\t<\/div>\n\t\t\t\t<\/div>\n\t\t\t\t<div class=\"elementor-element elementor-element-ed9e5e5 elementor-widget elementor-widget-text-editor\" data-id=\"ed9e5e5\" data-element_type=\"widget\" data-widget_type=\"text-editor.default\">\n\t\t\t\t<div class=\"elementor-widget-container\">\n\t\t\t\t\t\t\t\t\t<p><strong><img loading=\"lazy\" decoding=\"async\" class=\"alignnone size-full wp-image-988812\" src=\"https:\/\/infantario-popular-sintra.com\/home\/wp-content\/uploads\/2024\/05\/logo.png\" alt=\"\" width=\"132\" height=\"164\" \/><\/strong><\/p>\t\t\t\t\t\t\t\t<\/div>\n\t\t\t\t<\/div>\n\t\t\t\t<div class=\"elementor-element elementor-element-d6a80bc elementor-widget elementor-widget-text-editor\" data-id=\"d6a80bc\" data-element_type=\"widget\" data-widget_type=\"text-editor.default\">\n\t\t\t\t<div class=\"elementor-widget-container\">\n\t\t\t\t\t\t\t\t\t<p><img loading=\"lazy\" decoding=\"async\" class=\"alignnone size-medium wp-image-988928\" src=\"https:\/\/infantario-popular-sintra.com\/home\/wp-content\/uploads\/2024\/06\/Logo-Base-Vertical-300x147.png\" alt=\"\" width=\"300\" height=\"147\" srcset=\"https:\/\/infantario-popular-sintra.com\/home\/wp-content\/uploads\/2024\/06\/Logo-Base-Vertical-300x147.png 300w, https:\/\/infantario-popular-sintra.com\/home\/wp-content\/uploads\/2024\/06\/Logo-Base-Vertical.png 500w\" sizes=\"(max-width: 300px) 100vw, 300px\" \/><\/p>\t\t\t\t\t\t\t\t<\/div>\n\t\t\t\t<\/div>\n\t\t\t\t\t<\/div>\n\t\t<\/div>\n\t\t\t\t\t<\/div>\n\t\t<\/section>\n\t\t<div class=\"elementor-element elementor-element-5cedd61 e-flex e-con-boxed e-con e-parent\" data-id=\"5cedd61\" data-element_type=\"container\">\n\t\t\t\t\t<div class=\"e-con-inner\">\n\t\t\t\t<div class=\"elementor-element elementor-element-4cd7a4a elementor-widget elementor-widget-heading\" data-id=\"4cd7a4a\" data-element_type=\"widget\" data-widget_type=\"heading.default\">\n\t\t\t\t<div class=\"elementor-widget-container\">\n\t\t\t\t\t<h2 class=\"elementor-heading-title elementor-size-default\">C\u00e2mara Municipal de Sintra - Pafi<\/h2>\t\t\t\t<\/div>\n\t\t\t\t<\/div>\n\t\t\t\t<div class=\"elementor-element elementor-element-5ba742a elementor-widget elementor-widget-heading\" data-id=\"5ba742a\" data-element_type=\"widget\" data-widget_type=\"heading.default\">\n\t\t\t\t<div class=\"elementor-widget-container\">\n\t\t\t\t\t<h6 class=\"elementor-heading-title elementor-size-default\">Ao abrigo do Artigo 11\u00ba do Regulamento Municipal do Programa de Apoio Financeiro a Institui\u00e7\u00f5es Sem Fins Lucrativos Promotoras do Desenvolvimento Social e da Sa\u00fade no Concelho de Sintra (PAFI), torna-se publico o apoio financeiro prestado pela Camara Municipal de Sintra, no valor 6.937,50 Eur em 2024 e 4.147,50 Eur em 2025<\/h6>\t\t\t\t<\/div>\n\t\t\t\t<\/div>\n\t\t\t\t\t<\/div>\n\t\t\t\t<\/div>\n\t\t<div class=\"elementor-element elementor-element-cb91c4f e-flex e-con-boxed e-con e-parent\" data-id=\"cb91c4f\" data-element_type=\"container\">\n\t\t\t\t\t<div class=\"e-con-inner\">\n\t\t\t\t<div class=\"elementor-element elementor-element-e696303 elementor-widget elementor-widget-image\" data-id=\"e696303\" data-element_type=\"widget\" data-widget_type=\"image.default\">\n\t\t\t\t<div class=\"elementor-widget-container\">\n\t\t\t\t\t\t\t\t\t\t\t\t\t\t\t<img loading=\"lazy\" decoding=\"async\" width=\"300\" height=\"246\" src=\"https:\/\/infantario-popular-sintra.com\/home\/wp-content\/uploads\/2025\/07\/Logo-CMS-300x246.png\" class=\"attachment-medium size-medium wp-image-989216\" alt=\"\" srcset=\"https:\/\/infantario-popular-sintra.com\/home\/wp-content\/uploads\/2025\/07\/Logo-CMS-300x246.png 300w, https:\/\/infantario-popular-sintra.com\/home\/wp-content\/uploads\/2025\/07\/Logo-CMS-1024x841.png 1024w, https:\/\/infantario-popular-sintra.com\/home\/wp-content\/uploads\/2025\/07\/Logo-CMS-768x631.png 768w, https:\/\/infantario-popular-sintra.com\/home\/wp-content\/uploads\/2025\/07\/Logo-CMS-1536x1262.png 1536w, https:\/\/infantario-popular-sintra.com\/home\/wp-content\/uploads\/2025\/07\/Logo-CMS-2048x1682.png 2048w\" sizes=\"(max-width: 300px) 100vw, 300px\" \/>\t\t\t\t\t\t\t\t\t\t\t\t\t\t\t<\/div>\n\t\t\t\t<\/div>\n\t\t\t\t\t<\/div>\n\t\t\t\t<\/div>\n\t\t<div class=\"elementor-element elementor-element-7b545c0 e-flex e-con-boxed e-con e-parent\" data-id=\"7b545c0\" data-element_type=\"container\">\n\t\t\t\t\t<div class=\"e-con-inner\">\n\t\t\t\t<div class=\"elementor-element elementor-element-11efbd9 elementor-widget elementor-widget-button\" data-id=\"11efbd9\" data-element_type=\"widget\" data-widget_type=\"button.default\">\n\t\t\t\t<div class=\"elementor-widget-container\">\n\t\t\t\t\t\t\t\t\t<div class=\"elementor-button-wrapper\">\n\t\t\t\t\t<a class=\"elementor-button elementor-button-link elementor-size-sm\" href=\"https:\/\/infantario-popular-sintra.com\/home\/wp-content\/uploads\/2025\/07\/Oficio-PAFI2024-Infantario-Popular-de-Sintra.pdf\" target=\"_blank\">\n\t\t\t\t\t\t<span class=\"elementor-button-content-wrapper\">\n\t\t\t\t\t\t\t\t\t<span class=\"elementor-button-text\">Oficio PAFI 2024<\/span>\n\t\t\t\t\t<\/span>\n\t\t\t\t\t<\/a>\n\t\t\t\t<\/div>\n\t\t\t\t\t\t\t\t<\/div>\n\t\t\t\t<\/div>\n\t\t\t\t<div class=\"elementor-element elementor-element-1af4a73 elementor-widget elementor-widget-button\" data-id=\"1af4a73\" data-element_type=\"widget\" data-widget_type=\"button.default\">\n\t\t\t\t<div class=\"elementor-widget-container\">\n\t\t\t\t\t\t\t\t\t<div class=\"elementor-button-wrapper\">\n\t\t\t\t\t<a class=\"elementor-button elementor-button-link elementor-size-sm\" href=\"https:\/\/infantario-popular-sintra.com\/home\/wp-content\/uploads\/2025\/07\/Oficio-PAFI2025-Infantario-Popular-de-Sintra.pdf\" target=\"_blank\">\n\t\t\t\t\t\t<span class=\"elementor-button-content-wrapper\">\n\t\t\t\t\t\t\t\t\t<span class=\"elementor-button-text\">Oficio PAFI 2025<\/span>\n\t\t\t\t\t<\/span>\n\t\t\t\t\t<\/a>\n\t\t\t\t<\/div>\n\t\t\t\t\t\t\t\t<\/div>\n\t\t\t\t<\/div>\n\t\t\t\t\t<\/div>\n\t\t\t\t<\/div>\n\t\t\t\t<\/div>\n\t\t","protected":false},"excerpt":{"rendered":"<p>Os nossos parceiros Larissa Greco &#8211; Yoga Be-Grow &#8211; M\u00fasica Talho da Vila Velha \u00a0 Um sexto de fruta H3D Marginalarm Xecompex C\u00e2mara Municipal de Sintra &#8211; Pafi Ao abrigo do Artigo 11\u00ba do Regulamento Municipal do Programa de Apoio Financeiro a Institui\u00e7\u00f5es Sem Fins Lucrativos Promotoras do Desenvolvimento Social e da Sa\u00fade no Concelho&#8230;<\/p>\n","protected":false},"author":1,"featured_media":0,"parent":0,"menu_order":0,"comment_status":"closed","ping_status":"closed","template":"","meta":{"footnotes":""},"class_list":["post-1048","page","type-page","status-publish","hentry"],"_links":{"self":[{"href":"https:\/\/infantario-popular-sintra.com\/home\/wp-json\/wp\/v2\/pages\/1048","targetHints":{"allow":["GET"]}}],"collection":[{"href":"https:\/\/infantario-popular-sintra.com\/home\/wp-json\/wp\/v2\/pages"}],"about":[{"href":"https:\/\/infantario-popular-sintra.com\/home\/wp-json\/wp\/v2\/types\/page"}],"author":[{"embeddable":true,"href":"https:\/\/infantario-popular-sintra.com\/home\/wp-json\/wp\/v2\/users\/1"}],"replies":[{"embeddable":true,"href":"https:\/\/infantario-popular-sintra.com\/home\/wp-json\/wp\/v2\/comments?post=1048"}],"version-history":[{"count":64,"href":"https:\/\/infantario-popular-sintra.com\/home\/wp-json\/wp\/v2\/pages\/1048\/revisions"}],"predecessor-version":[{"id":989247,"href":"https:\/\/infantario-popular-sintra.com\/home\/wp-json\/wp\/v2\/pages\/1048\/revisions\/989247"}],"wp:attachment":[{"href":"https:\/\/infantario-popular-sintra.com\/home\/wp-json\/wp\/v2\/media?parent=1048"}],"curies":[{"name":"wp","href":"https:\/\/api.w.org\/{rel}","templated":true}]}}